{"id":307,"date":"2020-03-22T13:39:37","date_gmt":"2020-03-22T13:39:37","guid":{"rendered":"https:\/\/restaurant-luisenhoehe.de\/?product=gutscheinkarte"},"modified":"2021-03-30T06:40:17","modified_gmt":"2021-03-30T06:40:17","slug":"gutscheinkarte","status":"publish","type":"product","link":"https:\/\/restaurant-luisenhoehe.de\/?product=gutscheinkarte","title":{"rendered":"Gutschein"},"content":{"rendered":"<p>Die Gutscheine sind einl\u00f6sbar ab Juni 2020.<\/p>\n<p>Als Dankesch\u00f6n gibt es bei Bezahlung mit dem Gutschein zudem einen Rabatt in H\u00f6he von 10% auf die gesamte Rechnung.<\/p>\n","protected":false},"excerpt":{"rendered":"<p>Die Gutscheine sind einl\u00f6sbar ab Juni 2020. Als Dankesch\u00f6n gibt es bei Bezahlung mit dem Gutschein zudem einen Rabatt in H\u00f6he von 10% auf die gesamte Rechnung.<\/p>\n","protected":false},"featured_media":308,"comment_status":"open","ping_status":"closed","template":"","meta":{"_genesis_hide_title":false,"_genesis_hide_breadcrumbs":false,"_genesis_hide_singular_image":false,"_genesis_hide_footer_widgets":false,"_genesis_custom_body_class":"","_genesis_custom_post_class":"","_genesis_layout":""},"class_list":{"0":"post-307","1":"product","2":"type-product","3":"status-publish","4":"has-post-thumbnail","6":"product_cat-gutscheine","7":"entry","9":"first","10":"instock","11":"virtual","12":"purchasable","13":"product-type-gift_card"},"jetpack_sharing_enabled":true,"_links":{"self":[{"href":"https:\/\/restaurant-luisenhoehe.de\/index.php?rest_route=\/wp\/v2\/product\/307","targetHints":{"allow":["GET"]}}],"collection":[{"href":"https:\/\/restaurant-luisenhoehe.de\/index.php?rest_route=\/wp\/v2\/product"}],"about":[{"href":"https:\/\/restaurant-luisenhoehe.de\/index.php?rest_route=\/wp\/v2\/types\/product"}],"replies":[{"embeddable":true,"href":"https:\/\/restaurant-luisenhoehe.de\/index.php?rest_route=%2Fwp%2Fv2%2Fcomments&post=307"}],"wp:featuredmedia":[{"embeddable":true,"href":"https:\/\/restaurant-luisenhoehe.de\/index.php?rest_route=\/wp\/v2\/media\/308"}],"wp:attachment":[{"href":"https:\/\/restaurant-luisenhoehe.de\/index.php?rest_route=%2Fwp%2Fv2%2Fmedia&parent=307"}],"curies":[{"name":"wp","href":"https:\/\/api.w.org\/{rel}","templated":true}]}}